{"id":258,"date":"2018-01-22T10:17:40","date_gmt":"2018-01-22T14:17:40","guid":{"rendered":"http:\/\/new.jmsl.gob.do\/transparencia\/?page_id=258"},"modified":"2024-07-26T09:28:22","modified_gmt":"2024-07-26T13:28:22","slug":"responsable-de-acceso-a-la-informacion","status":"publish","type":"page","link":"https:\/\/distritomunicipalsanluis.gob.do\/transparencia\/responsable-de-acceso-a-la-informacion\/","title":{"rendered":"Responsable de Acceso a la Informaci\u00f3n"},"content":{"rendered":"<p>&nbsp;<\/p>\n<p class=\"paragraph ng-attr-widget\"><span style=\"font-size: 18pt\"><em><strong>Luz Garcia P\u00e9rez<\/strong><\/em><\/span><\/p>\n<p><span style=\"font-size: 14pt\">Tel\u00e9fono : 809.222.1002 ext. 2108<\/span><\/p>\n<p><span style=\"font-size: 14pt\">Correo : oai@jmsl.gob.do<\/span><\/p>\n<p><span style=\"font-size: 12pt\">C\/ Jos\u00e9 Francisco Pe\u00f1a G\u00f3mez, Esq. Hermanas Mirabal, Distrito Municipal San Luis, Santo Domingo Este, Rep\u00fablica Dominicana.<\/span><\/p>\n<p>&nbsp;<\/p>\n<p>&nbsp;<\/p>\n<p>&nbsp;<\/p>\n<p>&nbsp;<\/p>\n","protected":false},"excerpt":{"rendered":"&nbsp; Luz Garcia P\u00e9rez Tel\u00e9fono : 809.222.1002 ext. 2108 Correo : oai@jmsl.gob.do C\/ Jos\u00e9 Francisco Pe\u00f1a G\u00f3mez, Esq. Hermanas Mirabal, Distrito Municipal San Luis, Santo Domingo Este, Rep\u00fablica Dominicana. &nbsp; &nbsp; &nbsp; &nbsp;","protected":false},"author":3,"featured_media":0,"parent":0,"menu_order":0,"comment_status":"closed","ping_status":"closed","template":"","meta":[],"_links":{"self":[{"href":"https:\/\/distritomunicipalsanluis.gob.do\/transparencia\/wp-json\/wp\/v2\/pages\/258"}],"collection":[{"href":"https:\/\/distritomunicipalsanluis.gob.do\/transparencia\/wp-json\/wp\/v2\/pages"}],"about":[{"href":"https:\/\/distritomunicipalsanluis.gob.do\/transparencia\/wp-json\/wp\/v2\/types\/page"}],"author":[{"embeddable":true,"href":"https:\/\/distritomunicipalsanluis.gob.do\/transparencia\/wp-json\/wp\/v2\/users\/3"}],"replies":[{"embeddable":true,"href":"https:\/\/distritomunicipalsanluis.gob.do\/transparencia\/wp-json\/wp\/v2\/comments?post=258"}],"version-history":[{"count":19,"href":"https:\/\/distritomunicipalsanluis.gob.do\/transparencia\/wp-json\/wp\/v2\/pages\/258\/revisions"}],"predecessor-version":[{"id":2158,"href":"https:\/\/distritomunicipalsanluis.gob.do\/transparencia\/wp-json\/wp\/v2\/pages\/258\/revisions\/2158"}],"wp:attachment":[{"href":"https:\/\/distritomunicipalsanluis.gob.do\/transparencia\/wp-json\/wp\/v2\/media?parent=258"}],"curies":[{"name":"wp","href":"https:\/\/api.w.org\/{rel}","templated":true}]}}