{"id":56,"date":"2021-11-23T10:55:12","date_gmt":"2021-11-23T14:55:12","guid":{"rendered":"http:\/\/ayuntamiento.guineo\/transparencia\/?page_id=56"},"modified":"2021-11-25T14:52:51","modified_gmt":"2021-11-25T18:52:51","slug":"derechos-de-los-ciudadanos","status":"publish","type":"page","link":"https:\/\/distritomunicipalsanluis.gob.do\/transparencia\/derechos-de-los-ciudadanos\/","title":{"rendered":"Derechos de los Ciudadanos"},"content":{"rendered":"<h3>Todo ciudadano(a) tiene derecho a:<\/h3>\n<ul>\n<li>Recibir la informaci\u00f3n puntual y adecuada por parte de la instituci\u00f3n de los d\u00edas, horarios y posibles cambios administrativo en lo relativo a los trabajos de ornato y limpieza.<\/li>\n<li>Participar en asamblea, cabildos abiertos y otros encuentros para propuesta y medidas que fuera a establecer la \u00a0administraci\u00f3n en cuanto a los trabajos de las \u00e1reas de Ornato y Limpieza.<\/li>\n<li>Hacer uso de los servicios p\u00fablicos municipales en las condiciones establecidas en las ordenanzas y reglamentos municipales.<\/li>\n<li>Participar en la gesti\u00f3n municipal de acuerdo con lo dispuesto en las leyes y reglamentos.<\/li>\n<li>Reclamar ante los \u00f3rganos de gobierno municipal contra los actos u omisiones de estos que les perjudiquen individual o colectivamente.<\/li>\n<li>El ciudadano debe recibir puntualmente los servicios relativos a la recogida de los desechos s\u00f3lidos producidos en sus hogares y entono.<\/li>\n<li>El ciudadano tienen derecho de recibir asistencia de brigadas especiales en casos de emergencias motivadas por desastre naturales.<\/li>\n<\/ul>\n<p>En cumplimiento a la Ley 200-04 y el Decreto 130-05, el acceso a la informaci\u00f3n se har\u00e1 efectivo siempre y cuando no afecte la seguridad nacional, el orden p\u00fablico, la salud o la moral p\u00fablica o el derecho a la privacidad e intimidad de un tercero o el derecho a la reputaci\u00f3n de los dem\u00e1s.<\/p>\n<p>&nbsp;<\/p>\n<p>&nbsp;<\/p>\n","protected":false},"excerpt":{"rendered":"Todo ciudadano(a) tiene derecho a: Recibir la informaci\u00f3n puntual y adecuada por parte de la instituci\u00f3n de los d\u00edas, horarios y posibles cambios administrativo en lo relativo a los trabajos de ornato y limpieza. Participar en asamblea, cabildos abiertos y otros encuentros para propuesta y medidas que fuera a establecer la \u00a0administraci\u00f3n en cuanto a&#8230;","protected":false},"author":3,"featured_media":0,"parent":0,"menu_order":0,"comment_status":"closed","ping_status":"closed","template":"","meta":[],"_links":{"self":[{"href":"https:\/\/distritomunicipalsanluis.gob.do\/transparencia\/wp-json\/wp\/v2\/pages\/56"}],"collection":[{"href":"https:\/\/distritomunicipalsanluis.gob.do\/transparencia\/wp-json\/wp\/v2\/pages"}],"about":[{"href":"https:\/\/distritomunicipalsanluis.gob.do\/transparencia\/wp-json\/wp\/v2\/types\/page"}],"author":[{"embeddable":true,"href":"https:\/\/distritomunicipalsanluis.gob.do\/transparencia\/wp-json\/wp\/v2\/users\/3"}],"replies":[{"embeddable":true,"href":"https:\/\/distritomunicipalsanluis.gob.do\/transparencia\/wp-json\/wp\/v2\/comments?post=56"}],"version-history":[{"count":3,"href":"https:\/\/distritomunicipalsanluis.gob.do\/transparencia\/wp-json\/wp\/v2\/pages\/56\/revisions"}],"predecessor-version":[{"id":594,"href":"https:\/\/distritomunicipalsanluis.gob.do\/transparencia\/wp-json\/wp\/v2\/pages\/56\/revisions\/594"}],"wp:attachment":[{"href":"https:\/\/distritomunicipalsanluis.gob.do\/transparencia\/wp-json\/wp\/v2\/media?parent=56"}],"curies":[{"name":"wp","href":"https:\/\/api.w.org\/{rel}","templated":true}]}}