{"id":78,"date":"2021-11-22T11:24:21","date_gmt":"2021-11-22T15:24:21","guid":{"rendered":"http:\/\/ayuntamiento.guineo\/transparencia\/?page_id=78"},"modified":"2021-11-25T14:54:17","modified_gmt":"2021-11-25T18:54:17","slug":"definicion-oaim-oficina-de-acceso-a-la-informacion-municipal","status":"publish","type":"page","link":"https:\/\/distritomunicipalsanluis.gob.do\/transparencia\/definicion-oaim-oficina-de-acceso-a-la-informacion-municipal\/","title":{"rendered":"Definici\u00f3n OAIM (Oficina de Acceso a la Informaci\u00f3n Municipal)"},"content":{"rendered":"<p><span style=\"font-size: 12pt\"><strong>Definici\u00f3n OAI (Oficina de Acceso a la Informaci\u00f3n p\u00fablica)<\/strong><\/span><\/p>\n<p><span style=\"font-size: 12pt\">La Oficina de Acceso a la Informaci\u00f3n (OAI), es un mandato de la Ley General de Libre Acceso a la Informaci\u00f3n P\u00fablica Ley 200-04 y el Decreto No. 130-05 que crea el reglamento de dicha ley, con el objetivo de apoyar a entidades y personas tanto p\u00fablicas como privadas mediante las informaciones solicitadas.<\/span><\/p>\n<p><span style=\"font-size: 12pt\"><strong>Visi\u00f3n<\/strong><\/span><\/p>\n<p><span style=\"font-size: 12pt\">Dar sost\u00e9n a los valores de honestidad, integridad, eficiencia, eficacia, calidad y trabajo en equipo de la Junta Municipal San Luis, apoyando as\u00ed los esfuerzos de transparencia institucional.<\/span><\/p>\n<p><span style=\"font-size: 12pt\"><strong>Misi\u00f3n<\/strong><\/span><\/p>\n<p><span style=\"font-size: 12pt\">Garantizar el acceso de los usuarios a la informaci\u00f3n sobre la gesti\u00f3n de la Junta Municipal San Luis, como una forma de validar la transparencia de la instituci\u00f3n.<\/span><\/p>\n<p><span style=\"font-size: 12pt\"><strong>Definici\u00f3n RAI<\/strong><\/span><\/p>\n<p><span style=\"font-size: 12pt\">El representante de Acceso a la Informaci\u00f3n, es el responsable de tramitar y facilitar las informaciones requeridas y de ser el canal de comunicaci\u00f3n entre la instituci\u00f3n, ciudadanos y ciudadanas.<\/span><\/p>\n<p>&nbsp;<\/p>\n<p><span style=\"font-size: 12pt\"><strong>Proceso de Solicitud de Informaci\u00f3n:<\/strong><\/span><\/p>\n<ul style=\"list-style-type: disc\">\n<li><span style=\"font-size: 12pt\">Completar el formulario de solicitud de informaci\u00f3n.<\/span><\/li>\n<li><span style=\"font-size: 12pt\">Se procede a la revisi\u00f3n de dicho documento con la finalidad de verificar que est\u00e1 debidamente completada(o).<\/span><\/li>\n<li><span style=\"font-size: 12pt\">Se hace entrega de acuse de recibo al solicitante.<\/span><\/li>\n<li><span style=\"font-size: 12pt\">Seg\u00fan la complejidad de la informaci\u00f3n, se asigna una fecha de entrega.<\/span><\/li>\n<li><span style=\"font-size: 12pt\">Seguimiento de la(s) solicitud(es) hasta confirmar que se ha suministrado la informaci\u00f3n.<\/span><\/li>\n<\/ul>\n","protected":false},"excerpt":{"rendered":"Definici\u00f3n OAI (Oficina de Acceso a la Informaci\u00f3n p\u00fablica) La Oficina de Acceso a la Informaci\u00f3n (OAI), es un mandato de la Ley General de Libre Acceso a la Informaci\u00f3n P\u00fablica Ley 200-04 y el Decreto No. 130-05 que crea el reglamento de dicha ley, con el objetivo de apoyar a entidades y personas tanto&#8230;","protected":false},"author":3,"featured_media":0,"parent":0,"menu_order":0,"comment_status":"closed","ping_status":"closed","template":"","meta":[],"_links":{"self":[{"href":"https:\/\/distritomunicipalsanluis.gob.do\/transparencia\/wp-json\/wp\/v2\/pages\/78"}],"collection":[{"href":"https:\/\/distritomunicipalsanluis.gob.do\/transparencia\/wp-json\/wp\/v2\/pages"}],"about":[{"href":"https:\/\/distritomunicipalsanluis.gob.do\/transparencia\/wp-json\/wp\/v2\/types\/page"}],"author":[{"embeddable":true,"href":"https:\/\/distritomunicipalsanluis.gob.do\/transparencia\/wp-json\/wp\/v2\/users\/3"}],"replies":[{"embeddable":true,"href":"https:\/\/distritomunicipalsanluis.gob.do\/transparencia\/wp-json\/wp\/v2\/comments?post=78"}],"version-history":[{"count":7,"href":"https:\/\/distritomunicipalsanluis.gob.do\/transparencia\/wp-json\/wp\/v2\/pages\/78\/revisions"}],"predecessor-version":[{"id":372,"href":"https:\/\/distritomunicipalsanluis.gob.do\/transparencia\/wp-json\/wp\/v2\/pages\/78\/revisions\/372"}],"wp:attachment":[{"href":"https:\/\/distritomunicipalsanluis.gob.do\/transparencia\/wp-json\/wp\/v2\/media?parent=78"}],"curies":[{"name":"wp","href":"https:\/\/api.w.org\/{rel}","templated":true}]}}